{"id":33,"date":"2026-02-14T06:08:40","date_gmt":"2026-02-14T06:08:40","guid":{"rendered":"http:\/\/sporeczaciligi.org\/bilet-ayrintilari\/"},"modified":"2026-02-14T06:08:40","modified_gmt":"2026-02-14T06:08:40","slug":"bilet-ayrintilari","status":"publish","type":"page","link":"https:\/\/sporeczaciligi.org\/en\/bilet-ayrintilari\/","title":{"rendered":"Bilet Ayr\u0131nt\u0131lar\u0131"},"content":{"rendered":"<div class=\"sc-et-error alert alert-danger\" role=\"alert\">No order ID was specified.<\/div>","protected":false},"excerpt":{"rendered":"","protected":false},"author":1,"featured_media":0,"parent":0,"menu_order":0,"comment_status":"closed","ping_status":"closed","template":"page-with-title","meta":{"_monsterinsights_skip_tracking":false,"_monsterinsights_sitenote_active":false,"_monsterinsights_sitenote_note":"","_monsterinsights_sitenote_category":0,"_uf_show_specific_survey":0,"_uf_disable_surveys":false,"footnotes":""},"class_list":["post-33","page","type-page","status-publish","hentry"],"aioseo_notices":[],"_links":{"self":[{"href":"https:\/\/sporeczaciligi.org\/en\/wp-json\/wp\/v2\/pages\/33","targetHints":{"allow":["GET"]}}],"collection":[{"href":"https:\/\/sporeczaciligi.org\/en\/wp-json\/wp\/v2\/pages"}],"about":[{"href":"https:\/\/sporeczaciligi.org\/en\/wp-json\/wp\/v2\/types\/page"}],"author":[{"embeddable":true,"href":"https:\/\/sporeczaciligi.org\/en\/wp-json\/wp\/v2\/users\/1"}],"replies":[{"embeddable":true,"href":"https:\/\/sporeczaciligi.org\/en\/wp-json\/wp\/v2\/comments?post=33"}],"version-history":[{"count":0,"href":"https:\/\/sporeczaciligi.org\/en\/wp-json\/wp\/v2\/pages\/33\/revisions"}],"wp:attachment":[{"href":"https:\/\/sporeczaciligi.org\/en\/wp-json\/wp\/v2\/media?parent=33"}],"curies":[{"name":"wp","href":"https:\/\/api.w.org\/{rel}","templated":true}]}}